{"id":11844,"date":"2017-10-02T14:36:48","date_gmt":"2017-10-02T13:36:48","guid":{"rendered":"http:\/\/art-toolkit.uoc.edu\/?page_id=11844\/"},"modified":"2017-10-02T14:36:48","modified_gmt":"2017-10-02T13:36:48","slug":"conoce-el-toolkit","status":"publish","type":"page","link":"https:\/\/art-toolkit-linux-test.azurewebsites.net\/es\/conoce-el-toolkit\/","title":{"rendered":"Conoce el Toolkit"},"content":{"rendered":"<p>El <em>art toolkit<\/em> de la UOC es una caja de herramientas virtual que incluye materiales,<br \/>\ninstrumentos y utensilios relacionados con diversas t\u00e9cnicas y disciplinas art\u00edsticas, y que te<br \/>\npueden ser \u00fatiles para probar diferentes lenguajes art\u00edsticos. Este toolkit recoge las<br \/>\nherramientas m\u00e1s representativas y m\u00e1s utilizadas, y especialmente, aquellas que<br \/>\ntrabajamos a lo largo de los diferentes estudios en la UOC.<\/p>\n<p>No hay unas herramientas mejor que otras, sino que la idoneidad y la utilidad de cada una<br \/>\ndependen de cada proyecto en concreto, de la situaci\u00f3n en que se utilizan y de qui\u00e9n las<br \/>\nhace funcionar. En este <em>toolkit<\/em> las presentamos agrupadas por tipolog\u00eda y ordenadas<br \/>\nalfab\u00e9ticamente. Te animamos a revolver la caja de herramientas, a navegar por los<br \/>\ndiferentes materiales para que te familiarices con ellos. De este modo te resultar\u00e1 m\u00e1s f\u00e1cil<br \/>\nempezarlos a incorporar a tus proyectos art\u00edsticos.<\/p>\n<p>Queremos que el <em>toolkit<\/em> sea un recurso vivo, por lo que ajustaremos y actualizaremos las<br \/>\nherramientas a lo largo del tiempo, y tambi\u00e9n incorporaremos otras nuevas. Te puedes<br \/>\nponer en contacto con nosotros si identificas alg\u00fan error, echas de menos algo o quieres<br \/>\nhacer cualquier sugerencia.<\/p>\n<p><strong>Autores<\/strong><br \/>\nEn la elaboraci\u00f3n de este recurso han participado:<\/p>\n<p>Laia Blasco<br \/>\nMireia Cebrian<br \/>\nLuciana Cesari<br \/>\nFernando Jos\u00e9 Cortiglia<br \/>\nSol Enjuanes<br \/>\nEnrique Ferrando<br \/>\nMuriel Garreta<br \/>\nJuan Mart\u00ednez<br \/>\nV\u00edctor Masferrer<br \/>\nEnric Mor<br \/>\nAndr\u00e9s Claudio Senra<br \/>\nAnna Talens<\/p>\n<p>La revisi\u00f3n de este material docente ha sido coordinada por el profesorado: Laia Blasco, Amalia Creus, Muriel G\u00f3mez, Maria I\u00f1igo, Sandra Martorell, Aida S\u00e1nchez de Serdio y Gemma San Cornelio<\/p>\n","protected":false},"excerpt":{"rendered":"<p>El art toolkit de la UOC es una caja de herramientas virtual que incluye materiales, instrumentos y utensilios relacionados con diversas t\u00e9cnicas y disciplinas art\u00edsticas, y que te pueden ser \u00fatiles para probar diferentes lenguajes art\u00edsticos. Este toolkit recoge las herramientas m\u00e1s representativas y m\u00e1s utilizadas, y especialmente, aquellas que trabajamos a lo largo de [&hellip;]<\/p>\n","protected":false},"author":2,"featured_media":0,"parent":0,"menu_order":0,"comment_status":"closed","ping_status":"closed","template":"","meta":{"_acf_changed":false,"inline_featured_image":false,"footnotes":""},"acf":[],"_links":{"self":[{"href":"https:\/\/art-toolkit-linux-test.azurewebsites.net\/es\/wp-json\/wp\/v2\/pages\/11844"}],"collection":[{"href":"https:\/\/art-toolkit-linux-test.azurewebsites.net\/es\/wp-json\/wp\/v2\/pages"}],"about":[{"href":"https:\/\/art-toolkit-linux-test.azurewebsites.net\/es\/wp-json\/wp\/v2\/types\/page"}],"author":[{"embeddable":true,"href":"https:\/\/art-toolkit-linux-test.azurewebsites.net\/es\/wp-json\/wp\/v2\/users\/2"}],"replies":[{"embeddable":true,"href":"https:\/\/art-toolkit-linux-test.azurewebsites.net\/es\/wp-json\/wp\/v2\/comments?post=11844"}],"version-history":[{"count":0,"href":"https:\/\/art-toolkit-linux-test.azurewebsites.net\/es\/wp-json\/wp\/v2\/pages\/11844\/revisions"}],"wp:attachment":[{"href":"https:\/\/art-toolkit-linux-test.azurewebsites.net\/es\/wp-json\/wp\/v2\/media?parent=11844"}],"curies":[{"name":"wp","href":"https:\/\/api.w.org\/{rel}","templated":true}]}}